{"id":737,"date":"2011-02-19T16:43:20","date_gmt":"2011-02-19T14:43:20","guid":{"rendered":"http:\/\/www.erde-in-bildern.de\/reiseblog\/"},"modified":"2020-08-19T18:33:58","modified_gmt":"2020-08-19T16:33:58","slug":"uber-mich","status":"publish","type":"page","link":"https:\/\/www.erde-in-bildern.de\/reiseblog\/uber-mich\/","title":{"rendered":"\u00dcber JR"},"content":{"rendered":"<p><strong>Wer ist JR?<\/strong><\/p>\n<p>Den ber\u00fchmten JR aus Dallas kennen &#8211; zumindest die etwas \u00c4lteren unter uns &#8211; alle. Die j\u00fcngere Version bin ich &#8211; J\u00fcrgen R. Reichmann. Nicht ganz so fies wie der aus Dallas allerdings \ud83d\ude42<\/p>\n<p><img loading=\"lazy\" decoding=\"async\" class=\"aligncenter size-medium wp-image-739\" title=\"JR\" src=\"http:\/\/www.erde-in-bildern.de\/reiseblog\/wp-content\/uploads\/2011\/02\/juergen-300x193.jpg\" alt=\"\" width=\"300\" height=\"193\" srcset=\"https:\/\/www.erde-in-bildern.de\/reiseblog\/wp-content\/uploads\/2011\/02\/juergen-300x193.jpg 300w, https:\/\/www.erde-in-bildern.de\/reiseblog\/wp-content\/uploads\/2011\/02\/juergen.jpg 388w\" sizes=\"auto, (max-width: 300px) 100vw, 300px\" \/>Geboren und aufgewachsen in Donaueschingen, der Stadt an der Quelle der Donau.<\/p>\n<p>Studiert habe ich Physik in Stuttgart. Heute bin ich beruflich t\u00e4tig als Senior Software Engineer bei der Siemens AG in M\u00fcnchen.<\/p>\n<p>Seit den 1980ern bin ich unterwegs durch die Welt, zum \u00f6fteren Leidwesen von Mitreisenden nie ohne einen Fotoapparat. Was mir am Ende wichtiger ist, das Reisen oder das Fotografieren, das habe ich bis heute nicht herausgefunden. Wahrscheinlich gef\u00e4llt mir einfach die Kombination von beidem.<\/p>\n<p>An dieser Stelle geht mein tief empfundener Dank an alle, die mir dies erm\u00f6glicht haben und erm\u00f6glichen. Es sind zu viele, um sie alle zu nennen, aber ich bin sicher, dass diejenigen, die dazugeh\u00f6ren, wissen, dass ich sie meine.<\/p>\n<p><strong>J\u00fcrgen Reichmann<br \/>\n<\/strong><\/p>\n<p>E-Mail: juergen.reichmann [at] gmail.com<\/p>\n<p>P.S.: Die Bilder zu den beschriebenen Reiseerlebnissen gibt es auf <a href=\"https:\/\/www.juergen-reichmann.de\/\" target=\"_self\" rel=\"noopener noreferrer\">www.juergen-reichmann.de<\/a>.<\/p>\n","protected":false},"excerpt":{"rendered":"<p>Wer ist JR? Den ber\u00fchmten JR aus Dallas kennen &#8211; zumindest die etwas \u00c4lteren unter uns &#8211; alle. Die j\u00fcngere Version bin ich &#8211; J\u00fcrgen R. Reichmann. Nicht ganz so fies wie der aus Dallas allerdings \ud83d\ude42 Geboren und aufgewachsen in Donaueschingen, der Stadt an der Quelle der Donau. Studiert habe ich Physik in Stuttgart. [&hellip;]<\/p>\n","protected":false},"author":2,"featured_media":0,"parent":0,"menu_order":0,"comment_status":"open","ping_status":"open","template":"","meta":{"footnotes":""},"class_list":["post-737","page","type-page","status-publish","hentry"],"_links":{"self":[{"href":"https:\/\/www.erde-in-bildern.de\/reiseblog\/wp-json\/wp\/v2\/pages\/737","targetHints":{"allow":["GET"]}}],"collection":[{"href":"https:\/\/www.erde-in-bildern.de\/reiseblog\/wp-json\/wp\/v2\/pages"}],"about":[{"href":"https:\/\/www.erde-in-bildern.de\/reiseblog\/wp-json\/wp\/v2\/types\/page"}],"author":[{"embeddable":true,"href":"https:\/\/www.erde-in-bildern.de\/reiseblog\/wp-json\/wp\/v2\/users\/2"}],"replies":[{"embeddable":true,"href":"https:\/\/www.erde-in-bildern.de\/reiseblog\/wp-json\/wp\/v2\/comments?post=737"}],"version-history":[{"count":12,"href":"https:\/\/www.erde-in-bildern.de\/reiseblog\/wp-json\/wp\/v2\/pages\/737\/revisions"}],"predecessor-version":[{"id":3208,"href":"https:\/\/www.erde-in-bildern.de\/reiseblog\/wp-json\/wp\/v2\/pages\/737\/revisions\/3208"}],"wp:attachment":[{"href":"https:\/\/www.erde-in-bildern.de\/reiseblog\/wp-json\/wp\/v2\/media?parent=737"}],"curies":[{"name":"wp","href":"https:\/\/api.w.org\/{rel}","templated":true}]}}